{"id":25,"date":"2025-03-08T14:19:02","date_gmt":"2025-03-08T14:19:02","guid":{"rendered":"https:\/\/pilgerpause.com\/dienstleistungen\/"},"modified":"2026-04-11T12:36:53","modified_gmt":"2026-04-11T12:36:53","slug":"services","status":"publish","type":"page","link":"https:\/\/pilgerpause.com\/es\/services\/","title":{"rendered":"Nuestros servicios y precios"},"content":{"rendered":"\n<div class=\"wp-block-group alignfull has-tertiary-background-color has-background has-global-padding is-layout-constrained wp-container-core-group-is-layout-7276a2bb wp-block-group-is-layout-constrained\" id=\"about\" style=\"margin-top:0;margin-bottom:0;padding-top:var(--wp--preset--spacing--60);padding-right:var(--wp--preset--spacing--30);padding-bottom:var(--wp--preset--spacing--60);padding-left:var(--wp--preset--spacing--30)\">\n<div class=\"wp-block-columns alignwide is-layout-flex wp-container-core-columns-is-layout-47c06fe3 wp-block-columns-is-layout-flex\">\n<div class=\"wp-block-column is-layout-flow wp-container-core-column-is-layout-119bc444 wp-block-column-is-layout-flow\" style=\"flex-basis:60%\">\n<h2 class=\"wp-block-heading\">PilgerPause: Tu oasis en el Camino Portugu\u00e9s<\/h2>\n\n\n\n<p>PilgerPause es sin\u00f3nimo de hospitalidad y relajaci\u00f3n, ofreciendo a los peregrinos del Camino de Santiago un hogar lejos del hogar y apoy\u00e1ndolos en su viaje.<\/p>\n<\/div>\n<\/div>\n\n\n\n<div class=\"wp-block-cover alignwide\" style=\"border-radius:1.5rem;min-height:30vh;aspect-ratio:unset;\"><img loading=\"lazy\" decoding=\"async\" width=\"2560\" height=\"1440\" class=\"wp-block-cover__image-background wp-image-74\" alt=\"\" src=\"https:\/\/pilgerpause.com\/wp-content\/uploads\/2025\/03\/SING0090-scaled.jpg\" style=\"object-position:48% 30%\" data-object-fit=\"cover\" data-object-position=\"48% 30%\" srcset=\"https:\/\/pilgerpause.com\/wp-content\/uploads\/2025\/03\/SING0090-scaled.jpg 2560w, https:\/\/pilgerpause.com\/wp-content\/uploads\/2025\/03\/SING0090-300x169.jpg 300w, https:\/\/pilgerpause.com\/wp-content\/uploads\/2025\/03\/SING0090-1024x576.jpg 1024w, https:\/\/pilgerpause.com\/wp-content\/uploads\/2025\/03\/SING0090-768x432.jpg 768w, https:\/\/pilgerpause.com\/wp-content\/uploads\/2025\/03\/SING0090-1536x864.jpg 1536w, https:\/\/pilgerpause.com\/wp-content\/uploads\/2025\/03\/SING0090-2048x1152.jpg 2048w\" sizes=\"auto, (max-width: 2560px) 100vw, 2560px\" \/><span aria-hidden=\"true\" class=\"wp-block-cover__background has-background-background-color has-background-dim-10 has-background-dim\"><\/span><div class=\"wp-block-cover__inner-container is-layout-flow wp-block-cover-is-layout-flow\">\n<div style=\"height:100px\" aria-hidden=\"true\" class=\"wp-block-spacer\"><\/div>\n<\/div><\/div>\n<\/div>\n\n\n\n<div class=\"wp-block-group alignfull has-background-background-color has-background has-global-padding is-layout-constrained wp-container-core-group-is-layout-7276a2bb wp-block-group-is-layout-constrained\" id=\"services\" style=\"margin-top:0;margin-bottom:0;padding-top:var(--wp--preset--spacing--60);padding-right:var(--wp--preset--spacing--30);padding-bottom:var(--wp--preset--spacing--60);padding-left:var(--wp--preset--spacing--30)\">\n<div class=\"wp-block-columns alignwide is-layout-flex wp-container-core-columns-is-layout-5b525043 wp-block-columns-is-layout-flex\">\n<div class=\"wp-block-column is-layout-flow wp-block-column-is-layout-flow\">\n<div class=\"wp-block-group has-tertiary-background-color has-background has-global-padding is-layout-constrained wp-container-core-group-is-layout-13e450dc wp-block-group-is-layout-constrained\" style=\"border-radius:1.5rem;padding-top:2rem;padding-right:1.5rem;padding-bottom:2rem;padding-left:1.5rem\">\n<h3 class=\"wp-block-heading has-text-align-center\" style=\"font-size:clamp(18.959px, 1.185rem + ((1vw - 3.2px) * 1.15), 30px);line-height:1.5\">Acogedora estancia de una noche<\/h3>\n\n\n\n<p>Te ofrecemos una noche relajante en un agradable ambiente de peregrino. Disponemos de 10 camas individuales y dos camas dobles, todas con cortinas, s\u00e1banas de algod\u00f3n y almohadas, para que puedas dormir profundamente a pesar del ambiente de dormitorio de peregrinos. Se proporcionan mantas ligeras y un edred\u00f3n grueso est\u00e1 disponible por un peque\u00f1o suplemento.<\/p>\n\n\n\n<figure class=\"wp-block-image size-large has-custom-border ext-aspect-landscape\"><img loading=\"lazy\" decoding=\"async\" width=\"1024\" height=\"768\" src=\"https:\/\/pilgerpause.com\/wp-content\/uploads\/2025\/03\/WhatsApp-Image-2024-08-02-at-17.20.03_b25439b4_2-1024x768.jpg\" alt=\"\" class=\"wp-image-79\" style=\"border-radius:1.5rem;aspect-ratio:1;object-fit:cover\" srcset=\"https:\/\/pilgerpause.com\/wp-content\/uploads\/2025\/03\/WhatsApp-Image-2024-08-02-at-17.20.03_b25439b4_2-1024x768.jpg 1024w, https:\/\/pilgerpause.com\/wp-content\/uploads\/2025\/03\/WhatsApp-Image-2024-08-02-at-17.20.03_b25439b4_2-300x225.jpg 300w, https:\/\/pilgerpause.com\/wp-content\/uploads\/2025\/03\/WhatsApp-Image-2024-08-02-at-17.20.03_b25439b4_2-768x576.jpg 768w, https:\/\/pilgerpause.com\/wp-content\/uploads\/2025\/03\/WhatsApp-Image-2024-08-02-at-17.20.03_b25439b4_2-1536x1152.jpg 1536w, https:\/\/pilgerpause.com\/wp-content\/uploads\/2025\/03\/WhatsApp-Image-2024-08-02-at-17.20.03_b25439b4_2-2048x1536.jpg 2048w\" sizes=\"auto, (max-width: 1024px) 100vw, 1024px\" \/><\/figure>\n<\/div>\n<\/div>\n\n\n\n<div class=\"wp-block-column is-layout-flow wp-block-column-is-layout-flow\">\n<div class=\"wp-block-group has-tertiary-background-color has-background has-global-padding is-layout-constrained wp-container-core-group-is-layout-13e450dc wp-block-group-is-layout-constrained\" style=\"border-radius:1.5rem;padding-top:2rem;padding-right:1.5rem;padding-bottom:2rem;padding-left:1.5rem\">\n<h3 class=\"wp-block-heading has-text-align-center\" style=\"font-size:clamp(18.959px, 1.185rem + ((1vw - 3.2px) * 1.15), 30px);line-height:1.5\">Comidas caseras<\/h3>\n\n\n\n<p class=\"has-text-align-center\">Ofrecemos (u organizamos) una cena comunitaria para todos los que quieren participar en ella. (Opcional y voluntaria.) Disfruta de una deliciosa cena reci\u00e9n preparada con ingredientes locales. Nuestro men\u00fa suele incluir una ensalada grande, un plato principal y un postre. Si eres vegetariano, pescatariano, vegano o tienes alguna intolerancia alimentaria, con gusto nos adaptaremos a tu men\u00fa si nos lo notificas antes de tu llegada. Tambi\u00e9n puedes pedir deliciosos platos portugueses en el restaurante a 1 km o visitar el bar de al lado. A la ma\u00f1ana siguiente est\u00e1 disponible un abundante desayuno buffet.<\/p>\n\n\n\n<figure class=\"wp-block-image size-large has-custom-border ext-aspect-landscape\"><img loading=\"lazy\" decoding=\"async\" width=\"1024\" height=\"768\" src=\"https:\/\/pilgerpause.com\/wp-content\/uploads\/2025\/03\/Essen-1024x768.jpg\" alt=\"\" class=\"wp-image-101\" style=\"border-radius:1.5rem;aspect-ratio:1;object-fit:cover\" srcset=\"https:\/\/pilgerpause.com\/wp-content\/uploads\/2025\/03\/Essen-1024x768.jpg 1024w, https:\/\/pilgerpause.com\/wp-content\/uploads\/2025\/03\/Essen-300x225.jpg 300w, https:\/\/pilgerpause.com\/wp-content\/uploads\/2025\/03\/Essen-768x576.jpg 768w, https:\/\/pilgerpause.com\/wp-content\/uploads\/2025\/03\/Essen-1536x1152.jpg 1536w, https:\/\/pilgerpause.com\/wp-content\/uploads\/2025\/03\/Essen-2048x1536.jpg 2048w\" sizes=\"auto, (max-width: 1024px) 100vw, 1024px\" \/><\/figure>\n<\/div>\n<\/div>\n\n\n\n<div class=\"wp-block-column is-layout-flow wp-block-column-is-layout-flow\">\n<div class=\"wp-block-group has-tertiary-background-color has-background has-global-padding is-layout-constrained wp-container-core-group-is-layout-13e450dc wp-block-group-is-layout-constrained\" style=\"border-radius:1.5rem;padding-top:2rem;padding-right:1.5rem;padding-bottom:2rem;padding-left:1.5rem\">\n<h3 class=\"wp-block-heading has-text-align-center\" style=\"font-size:clamp(18.959px, 1.185rem + ((1vw - 3.2px) * 1.15), 30px);line-height:1.5\">\u00bfPreguntas sobre la ruta?<\/h3>\n\n\n\n<p class=\"has-text-align-center\">Si es necesario, estaremos encantados de ayudarte a planificar los pr\u00f3ximos pasos y responder a tus preguntas lo mejor que podamos.<\/p>\n\n\n\n<figure class=\"wp-block-image size-large has-custom-border ext-aspect-landscape\"><img loading=\"lazy\" decoding=\"async\" width=\"929\" height=\"1024\" src=\"https:\/\/pilgerpause.com\/wp-content\/uploads\/2025\/03\/steine_cropped-929x1024.jpg\" alt=\"\" class=\"wp-image-110\" style=\"border-radius:1.5rem;aspect-ratio:1;object-fit:cover\" srcset=\"https:\/\/pilgerpause.com\/wp-content\/uploads\/2025\/03\/steine_cropped-929x1024.jpg 929w, https:\/\/pilgerpause.com\/wp-content\/uploads\/2025\/03\/steine_cropped-272x300.jpg 272w, https:\/\/pilgerpause.com\/wp-content\/uploads\/2025\/03\/steine_cropped-768x846.jpg 768w, https:\/\/pilgerpause.com\/wp-content\/uploads\/2025\/03\/steine_cropped.jpg 1040w\" sizes=\"auto, (max-width: 929px) 100vw, 929px\" \/><\/figure>\n<\/div>\n<\/div>\n<\/div>\n\n\n\n<div class=\"wp-block-columns alignwide is-layout-flex wp-container-core-columns-is-layout-5b525043 wp-block-columns-is-layout-flex\">\n<div class=\"wp-block-column is-layout-flow wp-block-column-is-layout-flow\">\n<div class=\"wp-block-group has-tertiary-background-color has-background has-global-padding is-layout-constrained wp-container-core-group-is-layout-13e450dc wp-block-group-is-layout-constrained\" style=\"border-radius:1.5rem;padding-top:2rem;padding-right:1.5rem;padding-bottom:2rem;padding-left:1.5rem\">\n<h3 class=\"wp-block-heading has-text-align-center\" style=\"font-size:clamp(18.959px, 1.185rem + ((1vw - 3.2px) * 1.15), 30px);line-height:1.5\">Masaje de bienestar<\/h3>\n\n\n\n<p>\u00bfTe duelen los hombros o la espalda? \u00bfO simplemente deseas relajarte y recargar energ\u00edas para el d\u00eda siguiente? Si esto te suena bien, no dudes en contactarnos y\/o pide cita con Verena.<\/p>\n\n\n\n<p>Duraci\u00f3n: Aprox. 3o minutos,               Precio: 30-40 \u20ac  (seg\u00fan tu autoevaluaci\u00f3n)                                        <\/p>\n<\/div>\n<\/div>\n\n\n\n<div class=\"wp-block-column is-layout-flow wp-block-column-is-layout-flow\">\n<div class=\"wp-block-group has-tertiary-background-color has-background has-global-padding is-layout-constrained wp-container-core-group-is-layout-13e450dc wp-block-group-is-layout-constrained\" style=\"border-radius:1.5rem;padding-top:2rem;padding-right:1.5rem;padding-bottom:2rem;padding-left:1.5rem\">\n<h3 class=\"wp-block-heading has-text-align-center\" style=\"font-size:clamp(18.959px, 1.185rem + ((1vw - 3.2px) * 1.15), 30px);line-height:1.5\">Peregrinaci\u00f3n con ni\u00f1os<\/h3>\n\n\n\n<p class=\"has-text-align-center\">\u00a1Los m\u00e1s peque\u00f1os son bienvenidos! Y para que la experiencia sea m\u00e1s interesante, contamos con juegos de interior y exterior, libros y juguetes infantiles, y un parque infantil justo enfrente del albergue.<\/p>\n\n\n\n<figure class=\"wp-block-image size-full has-custom-border ext-aspect-landscape\"><img loading=\"lazy\" decoding=\"async\" width=\"2560\" height=\"1920\" src=\"https:\/\/pilgerpause.com\/wp-content\/uploads\/2025\/03\/1-scaled.jpg\" alt=\"\" class=\"wp-image-122\" style=\"border-radius:1.5rem;aspect-ratio:1;object-fit:cover\" srcset=\"https:\/\/pilgerpause.com\/wp-content\/uploads\/2025\/03\/1-scaled.jpg 2560w, https:\/\/pilgerpause.com\/wp-content\/uploads\/2025\/03\/1-300x225.jpg 300w, https:\/\/pilgerpause.com\/wp-content\/uploads\/2025\/03\/1-1024x768.jpg 1024w, https:\/\/pilgerpause.com\/wp-content\/uploads\/2025\/03\/1-768x576.jpg 768w, https:\/\/pilgerpause.com\/wp-content\/uploads\/2025\/03\/1-1536x1152.jpg 1536w, https:\/\/pilgerpause.com\/wp-content\/uploads\/2025\/03\/1-2048x1536.jpg 2048w\" sizes=\"auto, (max-width: 2560px) 100vw, 2560px\" \/><\/figure>\n<\/div>\n<\/div>\n\n\n\n<div class=\"wp-block-column is-layout-flow wp-block-column-is-layout-flow\">\n<div class=\"wp-block-group has-tertiary-background-color has-background has-global-padding is-layout-constrained wp-container-core-group-is-layout-13e450dc wp-block-group-is-layout-constrained\" style=\"border-radius:1.5rem;padding-top:2rem;padding-right:1.5rem;padding-bottom:2rem;padding-left:1.5rem\">\n<h3 class=\"wp-block-heading has-text-align-center\" style=\"font-size:clamp(18.959px, 1.185rem + ((1vw - 3.2px) * 1.15), 30px);line-height:1.5\">Relajaci\u00f3n en el jard\u00edn<\/h3>\n\n\n\n<p class=\"has-text-align-center\">En nuestro hermoso y amplio jard\u00edn con muchos \u00e1rboles frutales, te esperan hamacas, una p\u00e9rgola con sombra y una peque\u00f1a y refrescante piscina. \u00a1Hora de relajarse!<\/p>\n\n\n\n<figure class=\"wp-block-image size-full has-custom-border ext-aspect-landscape\"><img decoding=\"async\" src=\"https:\/\/pilgerpause.com\/wp-content\/uploads\/2025\/03\/6.jpg\" alt=\"\" class=\"wp-image-117\" style=\"border-radius:1.5rem;aspect-ratio:1;object-fit:cover\"\/><\/figure>\n<\/div>\n<\/div>\n<\/div>\n<\/div>\n\n\n\n<div class=\"wp-block-group alignfull has-tertiary-background-color has-background has-global-padding is-layout-constrained wp-container-core-group-is-layout-7276a2bb wp-block-group-is-layout-constrained\" id=\"about\" style=\"margin-top:0;margin-bottom:0;padding-top:var(--wp--preset--spacing--60);padding-right:var(--wp--preset--spacing--30);padding-bottom:var(--wp--preset--spacing--60);padding-left:var(--wp--preset--spacing--30)\">\n<div class=\"wp-block-columns alignwide is-layout-flex wp-container-core-columns-is-layout-47c06fe3 wp-block-columns-is-layout-flex\">\n<div class=\"wp-block-column is-layout-flow wp-container-core-column-is-layout-119bc444 wp-block-column-is-layout-flow\" style=\"flex-basis:60%\">\n<h4 class=\"wp-block-heading\">Servicios y precios <\/h4>\n\n\n\n<p class=\"has-small-font-size\" style=\"margin-top:16px;line-height:1.6\">Alojamiento con desayuno: 22 \u20ac por persona.<br>Para familias: Ni\u00f1os de 0 a 5 a\u00f1os bienvenidos; los de 6 a 12 a\u00f1os pagan la mitad.<br>El precio incluye: wifi, toalla, manta fina, s\u00e1banas y almohada limpias, champ\u00fa.<br>Cena: donativo (calcule entre 10 \u20ac y 15 \u20ac si puede).<br>Lavadora\/secadora: 3 \u20ac por persona.<br>Edred\u00f3n grueso: 2 \u20ac.<br>Massage, aprox. 30 minutos, 30-40 \u20ac (seg\u00fan la autoevaluaci\u00f3n).<\/p>\n<\/div>\n\n\n\n<div class=\"wp-block-column is-vertically-aligned-top is-layout-flow wp-container-core-column-is-layout-f5bb311e wp-block-column-is-layout-flow\" style=\"flex-basis:50%\"><\/div>\n<\/div>\n<\/div>\n","protected":false},"excerpt":{"rendered":"<p>PilgerPause: Tu oasis en el Camino Portugu\u00e9s PilgerPause es sin\u00f3nimo de hospitalidad y relajaci\u00f3n, ofreciendo a los peregrinos del Camino de Santiago un hogar lejos del hogar y apoy\u00e1ndolos en su viaje. Acogedora estancia de una noche Te ofrecemos una noche relajante en un agradable ambiente de peregrino. Disponemos de 10 camas individuales y dos [&hellip;]<\/p>\n","protected":false},"author":1,"featured_media":0,"parent":0,"menu_order":0,"comment_status":"closed","ping_status":"closed","template":"no-title","meta":{"footnotes":""},"class_list":["post-25","page","type-page","status-publish","hentry"],"aioseo_notices":[],"_links":{"self":[{"href":"https:\/\/pilgerpause.com\/es\/wp-json\/wp\/v2\/pages\/25","targetHints":{"allow":["GET"]}}],"collection":[{"href":"https:\/\/pilgerpause.com\/es\/wp-json\/wp\/v2\/pages"}],"about":[{"href":"https:\/\/pilgerpause.com\/es\/wp-json\/wp\/v2\/types\/page"}],"author":[{"embeddable":true,"href":"https:\/\/pilgerpause.com\/es\/wp-json\/wp\/v2\/users\/1"}],"replies":[{"embeddable":true,"href":"https:\/\/pilgerpause.com\/es\/wp-json\/wp\/v2\/comments?post=25"}],"version-history":[{"count":68,"href":"https:\/\/pilgerpause.com\/es\/wp-json\/wp\/v2\/pages\/25\/revisions"}],"predecessor-version":[{"id":346,"href":"https:\/\/pilgerpause.com\/es\/wp-json\/wp\/v2\/pages\/25\/revisions\/346"}],"wp:attachment":[{"href":"https:\/\/pilgerpause.com\/es\/wp-json\/wp\/v2\/media?parent=25"}],"curies":[{"name":"wp","href":"https:\/\/api.w.org\/{rel}","templated":true}]}}