{"id":22,"date":"2025-03-08T14:19:01","date_gmt":"2025-03-08T14:19:01","guid":{"rendered":"https:\/\/pilgerpause.com\/kontakt\/"},"modified":"2026-03-23T14:13:13","modified_gmt":"2026-03-23T14:13:13","slug":"kontakt","status":"publish","type":"page","link":"https:\/\/pilgerpause.com\/es\/kontakt\/","title":{"rendered":"Contacto &#038; Horario"},"content":{"rendered":"\n<div class=\"wp-block-group alignfull has-tertiary-background-color has-background has-global-padding is-layout-constrained wp-container-core-group-is-layout-7276a2bb wp-block-group-is-layout-constrained\" id=\"about\" style=\"margin-top:0;margin-bottom:0;padding-top:var(--wp--preset--spacing--60);padding-right:var(--wp--preset--spacing--30);padding-bottom:var(--wp--preset--spacing--60);padding-left:var(--wp--preset--spacing--30)\">\n<div class=\"wp-block-columns alignwide is-layout-flex wp-container-core-columns-is-layout-47c06fe3 wp-block-columns-is-layout-flex\">\n<div class=\"wp-block-column is-layout-flow wp-container-core-column-is-layout-119bc444 wp-block-column-is-layout-flow\" style=\"flex-basis:60%\">\n<p>Contacto: Verena Preiss<\/p>\n\n\n\n<p>Direcci\u00f3n: PilgerPause AL, Estr. de S. Miguel n\u00ba 1161, 4930-241 Fontoura (B\u00e1rrio), Portugal<\/p>\n\n\n\n<p>E-Mail: pilgerpause@yahoo.com <\/p>\n\n\n\n<p>WhatsApp: +491781848141<\/p>\n\n\n\n<p>Tel\u00e9fono: +491781848141 <\/p>\n\n\n\n<p>Horario \/ Check-in: 13.30 &#8211; 18.00 Uhr<\/p>\n\n\n\n<p>> Por favor, consulte el calendario para ver si estamos abiertos en la fecha deseada. Sin embargo, como las fechas del calendario pueden cambiar con poca adelantaci\u00f3n, por favor, env\u00edenos un mensaje para consultas en firme.<\/p>\n\n\n\n<p>> Si planea llegar antes o despu\u00e9s, o si necesita enviar su mochila, por favor, inf\u00f3rmenos con adelantaci\u00f3n. <\/p>\n\n\n\n<iframe loading=\"lazy\" src=\"https:\/\/calendar.google.com\/calendar\/embed?height=600&#038;wkst=1&#038;ctz=Europe%2FAmsterdam&#038;showPrint=0&#038;showTitle=0&#038;showCalendars=0&#038;showTabs=0&#038;src=ZTY1YTA1ODU3NWRiYmViYTAyNzg1MTk3MTJmZWQ0ZmQ3N2FiYzI5ODRiNGExZjYwODg0MTIwOTMyMmZmNjkwYkBncm91cC5jYWxlbmRhci5nb29nbGUuY29t&#038;color=%238e24aa\" style=\"border-width:0\" width=\"800\" height=\"600\" frameborder=\"0\" scrolling=\"no\"><\/iframe>\n\n\n\n<iframe src=\"https:\/\/www.google.com\/maps\/embed?pb=!1m18!1m12!1m3!1d462.71750136284606!2d-8.632686409316515!3d41.95614034296162!2m3!1f0!2f0!3f0!3m2!1i1024!2i768!4f13.1!3m3!1m2!1s0xd2599e2681c03fd%3A0x305c095dc2d1bb0a!2sPilgerPause%20Albergue!5e1!3m2!1sen!2sde!4v1743175842430!5m2!1sen!2sde\" width=\"600\" height=\"450\" style=\"border:0;\" allowfullscreen=\"\" loading=\"lazy\" referrerpolicy=\"no-referrer-when-downgrade\"><\/iframe>\n<\/div>\n<\/div>\n<\/div>\n","protected":false},"excerpt":{"rendered":"<p>Contacto: Verena Preiss Direcci\u00f3n: PilgerPause AL, Estr. de S. Miguel n\u00ba 1161, 4930-241 Fontoura (B\u00e1rrio), Portugal E-Mail: pilgerpause@yahoo.com WhatsApp: +491781848141 Tel\u00e9fono: +491781848141 Horario \/ Check-in: 13.30 &#8211; 18.00 Uhr > Por favor, consulte el calendario para ver si estamos abiertos en la fecha deseada. Sin embargo, como las fechas del calendario pueden cambiar con poca [&hellip;]<\/p>\n","protected":false},"author":1,"featured_media":0,"parent":0,"menu_order":0,"comment_status":"closed","ping_status":"closed","template":"no-title","meta":{"footnotes":""},"class_list":["post-22","page","type-page","status-publish","hentry"],"aioseo_notices":[],"_links":{"self":[{"href":"https:\/\/pilgerpause.com\/es\/wp-json\/wp\/v2\/pages\/22","targetHints":{"allow":["GET"]}}],"collection":[{"href":"https:\/\/pilgerpause.com\/es\/wp-json\/wp\/v2\/pages"}],"about":[{"href":"https:\/\/pilgerpause.com\/es\/wp-json\/wp\/v2\/types\/page"}],"author":[{"embeddable":true,"href":"https:\/\/pilgerpause.com\/es\/wp-json\/wp\/v2\/users\/1"}],"replies":[{"embeddable":true,"href":"https:\/\/pilgerpause.com\/es\/wp-json\/wp\/v2\/comments?post=22"}],"version-history":[{"count":43,"href":"https:\/\/pilgerpause.com\/es\/wp-json\/wp\/v2\/pages\/22\/revisions"}],"predecessor-version":[{"id":340,"href":"https:\/\/pilgerpause.com\/es\/wp-json\/wp\/v2\/pages\/22\/revisions\/340"}],"wp:attachment":[{"href":"https:\/\/pilgerpause.com\/es\/wp-json\/wp\/v2\/media?parent=22"}],"curies":[{"name":"wp","href":"https:\/\/api.w.org\/{rel}","templated":true}]}}