{"id":26,"date":"2025-03-08T14:19:02","date_gmt":"2025-03-08T14:19:02","guid":{"rendered":"https:\/\/pilgerpause.com\/home\/"},"modified":"2025-03-24T16:34:54","modified_gmt":"2025-03-24T16:34:54","slug":"home","status":"publish","type":"page","link":"https:\/\/pilgerpause.com\/de\/","title":{"rendered":"PilgerPause"},"content":{"rendered":"\n<div class=\"wp-block-group alignfull has-background-background-color has-background has-global-padding is-layout-constrained wp-block-group-is-layout-constrained\" style=\"margin-top:0;margin-bottom:0;padding-top:0;padding-bottom:0\">\n<div class=\"wp-block-cover alignfull is-light\" style=\"margin-top:0;margin-bottom:0;min-height:70vh;aspect-ratio:unset;\"><span aria-hidden=\"true\" class=\"wp-block-cover__background has-background-dim-10 has-background-dim\" style=\"background-color:#fbe353\"><\/span><img decoding=\"async\" class=\"wp-block-cover__image-background wp-image-69\" alt=\"Foto Hostel\" src=\"https:\/\/pilgerpause.com\/wp-content\/uploads\/2025\/03\/haus-vorne.jpg\" style=\"object-position:60% 48%\" data-object-fit=\"cover\" data-object-position=\"60% 48%\"\/><div class=\"wp-block-cover__inner-container has-global-padding is-layout-constrained wp-block-cover-is-layout-constrained\">\n<div class=\"wp-block-group alignwide is-vertical is-layout-flex wp-container-core-group-is-layout-fe9cc265 wp-block-group-is-layout-flex\">\n<div class=\"wp-block-group has-foreground-color has-background-background-color has-text-color has-background has-link-color wp-elements-5d5baf13d9583a5a28ea0d55de69cbe7 has-global-padding is-layout-constrained wp-container-core-group-is-layout-24567ffd wp-block-group-is-layout-constrained\" style=\"border-radius:1.5rem;padding-top:var(--wp--preset--spacing--40);padding-right:var(--wp--preset--spacing--40);padding-bottom:var(--wp--preset--spacing--40);padding-left:var(--wp--preset--spacing--40)\">\n<h2 class=\"wp-block-heading wp-container-content-9cfa9a5a\">Eure kleine, famili\u00e4re Pilgerherberge in Fontoura<\/h2>\n\n\n\n<p>Sucht Ihr nach einer Unterkunft mit gem\u00fctlichen Betten, einem gro\u00dfen, \u00fcppigen Garten und einem leckeren, gemeinsamen Abendessen in entspannter Atmosph\u00e4re?<\/p>\n\n\n\n<p>Dann seid Ihr bei uns genau richtig!<\/p>\n\n\n\n<div class=\"wp-block-buttons is-content-justification-left is-layout-flex wp-container-core-buttons-is-layout-3535db69 wp-block-buttons-is-layout-flex\" style=\"margin-top:var(--wp--preset--spacing--30)\">\n<div class=\"wp-block-button\"><a class=\"wp-block-button__link wp-element-button\" href=\"https:\/\/pilgerpause.com\/services\/\">Unser Angebot<\/a><\/div>\n\n\n\n<div class=\"wp-block-button\"><a class=\"wp-block-button__link wp-element-button\" href=\"https:\/\/pilgerpause.com\/galerie\/\">Galerie<\/a><\/div>\n\n\n\n<div class=\"wp-block-button\"><a class=\"wp-block-button__link wp-element-button\" href=\"https:\/\/pilgerpause.com\/kontakt\/\">Kontakt<\/a><\/div>\n<\/div>\n<\/div>\n<\/div>\n<\/div><\/div>\n<\/div>\n\n\n\n<div class=\"wp-block-group alignfull has-tertiary-background-color has-background has-global-padding is-layout-constrained wp-block-group-is-layout-constrained\" id=\"gallery\" style=\"margin-top:0;margin-bottom:0;padding-top:var(--wp--preset--spacing--60);padding-bottom:var(--wp--preset--spacing--60)\">\n<figure class=\"wp-block-gallery alignwide has-nested-images columns-default is-cropped wp-block-gallery-1 is-layout-flex wp-block-gallery-is-layout-flex\">\n<figure data-wp-context=\"{&quot;imageId&quot;:&quot;69e75c6188dd5&quot;}\" data-wp-interactive=\"core\/image\" data-wp-key=\"69e75c6188dd5\" class=\"wp-block-image size-large has-custom-border wp-lightbox-container\"><img loading=\"lazy\" decoding=\"async\" width=\"1024\" height=\"768\" data-wp-class--hide=\"state.isContentHidden\" data-wp-class--show=\"state.isContentVisible\" data-wp-init=\"callbacks.setButtonStyles\" data-wp-on--click=\"actions.showLightbox\" data-wp-on--load=\"callbacks.setButtonStyles\" data-wp-on-window--resize=\"callbacks.setButtonStyles\" data-id=\"72\" src=\"https:\/\/pilgerpause.com\/wp-content\/uploads\/2025\/03\/IMG_20240802_170402-1024x768.jpg\" alt=\"\" class=\"wp-image-72\" style=\"border-radius:1.5rem\" srcset=\"https:\/\/pilgerpause.com\/wp-content\/uploads\/2025\/03\/IMG_20240802_170402-1024x768.jpg 1024w, https:\/\/pilgerpause.com\/wp-content\/uploads\/2025\/03\/IMG_20240802_170402-300x225.jpg 300w, https:\/\/pilgerpause.com\/wp-content\/uploads\/2025\/03\/IMG_20240802_170402-768x576.jpg 768w, https:\/\/pilgerpause.com\/wp-content\/uploads\/2025\/03\/IMG_20240802_170402-1536x1152.jpg 1536w, https:\/\/pilgerpause.com\/wp-content\/uploads\/2025\/03\/IMG_20240802_170402-2048x1536.jpg 2048w\" sizes=\"auto, (max-width: 1024px) 100vw, 1024px\" \/><button\n\t\t\tclass=\"lightbox-trigger\"\n\t\t\ttype=\"button\"\n\t\t\taria-haspopup=\"dialog\"\n\t\t\taria-label=\"Vergr\u00f6\u00dfern\"\n\t\t\tdata-wp-init=\"callbacks.initTriggerButton\"\n\t\t\tdata-wp-on--click=\"actions.showLightbox\"\n\t\t\tdata-wp-style--right=\"state.imageButtonRight\"\n\t\t\tdata-wp-style--top=\"state.imageButtonTop\"\n\t\t>\n\t\t\t<svg xmlns=\"http:\/\/www.w3.org\/2000\/svg\" width=\"12\" height=\"12\" fill=\"none\" viewBox=\"0 0 12 12\">\n\t\t\t\t<path fill=\"#fff\" d=\"M2 0a2 2 0 0 0-2 2v2h1.5V2a.5.5 0 0 1 .5-.5h2V0H2Zm2 10.5H2a.5.5 0 0 1-.5-.5V8H0v2a2 2 0 0 0 2 2h2v-1.5ZM8 12v-1.5h2a.5.5 0 0 0 .5-.5V8H12v2a2 2 0 0 1-2 2H8Zm2-12a2 2 0 0 1 2 2v2h-1.5V2a.5.5 0 0 0-.5-.5H8V0h2Z\" \/>\n\t\t\t<\/svg>\n\t\t<\/button><\/figure>\n\n\n\n<figure data-wp-context=\"{&quot;imageId&quot;:&quot;69e75c6189751&quot;}\" data-wp-interactive=\"core\/image\" data-wp-key=\"69e75c6189751\" class=\"wp-block-image size-full has-custom-border wp-lightbox-container\"><img decoding=\"async\" data-wp-class--hide=\"state.isContentHidden\" data-wp-class--show=\"state.isContentVisible\" data-wp-init=\"callbacks.setButtonStyles\" data-wp-on--click=\"actions.showLightbox\" data-wp-on--load=\"callbacks.setButtonStyles\" data-wp-on-window--resize=\"callbacks.setButtonStyles\" data-id=\"93\" src=\"https:\/\/pilgerpause.com\/wp-content\/uploads\/2025\/03\/SING0042.jpg\" alt=\"\" class=\"wp-image-93\" style=\"border-radius:1.5rem\"\/><button\n\t\t\tclass=\"lightbox-trigger\"\n\t\t\ttype=\"button\"\n\t\t\taria-haspopup=\"dialog\"\n\t\t\taria-label=\"Vergr\u00f6\u00dfern\"\n\t\t\tdata-wp-init=\"callbacks.initTriggerButton\"\n\t\t\tdata-wp-on--click=\"actions.showLightbox\"\n\t\t\tdata-wp-style--right=\"state.imageButtonRight\"\n\t\t\tdata-wp-style--top=\"state.imageButtonTop\"\n\t\t>\n\t\t\t<svg xmlns=\"http:\/\/www.w3.org\/2000\/svg\" width=\"12\" height=\"12\" fill=\"none\" viewBox=\"0 0 12 12\">\n\t\t\t\t<path fill=\"#fff\" d=\"M2 0a2 2 0 0 0-2 2v2h1.5V2a.5.5 0 0 1 .5-.5h2V0H2Zm2 10.5H2a.5.5 0 0 1-.5-.5V8H0v2a2 2 0 0 0 2 2h2v-1.5ZM8 12v-1.5h2a.5.5 0 0 0 .5-.5V8H12v2a2 2 0 0 1-2 2H8Zm2-12a2 2 0 0 1 2 2v2h-1.5V2a.5.5 0 0 0-.5-.5H8V0h2Z\" \/>\n\t\t\t<\/svg>\n\t\t<\/button><\/figure>\n\n\n\n<figure data-wp-context=\"{&quot;imageId&quot;:&quot;69e75c618aa13&quot;}\" data-wp-interactive=\"core\/image\" data-wp-key=\"69e75c618aa13\" class=\"wp-block-image size-large has-custom-border wp-lightbox-container\"><img loading=\"lazy\" decoding=\"async\" width=\"1024\" height=\"768\" data-wp-class--hide=\"state.isContentHidden\" data-wp-class--show=\"state.isContentVisible\" data-wp-init=\"callbacks.setButtonStyles\" data-wp-on--click=\"actions.showLightbox\" data-wp-on--load=\"callbacks.setButtonStyles\" data-wp-on-window--resize=\"callbacks.setButtonStyles\" data-id=\"71\" src=\"https:\/\/pilgerpause.com\/wp-content\/uploads\/2025\/03\/WhatsApp-Image-2024-08-02-at-17.25.21_95645edb-1024x768.jpg\" alt=\"\" class=\"wp-image-71\" style=\"border-radius:1.5rem\" srcset=\"https:\/\/pilgerpause.com\/wp-content\/uploads\/2025\/03\/WhatsApp-Image-2024-08-02-at-17.25.21_95645edb-1024x768.jpg 1024w, https:\/\/pilgerpause.com\/wp-content\/uploads\/2025\/03\/WhatsApp-Image-2024-08-02-at-17.25.21_95645edb-300x225.jpg 300w, https:\/\/pilgerpause.com\/wp-content\/uploads\/2025\/03\/WhatsApp-Image-2024-08-02-at-17.25.21_95645edb-768x576.jpg 768w, https:\/\/pilgerpause.com\/wp-content\/uploads\/2025\/03\/WhatsApp-Image-2024-08-02-at-17.25.21_95645edb-1536x1152.jpg 1536w, https:\/\/pilgerpause.com\/wp-content\/uploads\/2025\/03\/WhatsApp-Image-2024-08-02-at-17.25.21_95645edb-2048x1536.jpg 2048w\" sizes=\"auto, (max-width: 1024px) 100vw, 1024px\" \/><button\n\t\t\tclass=\"lightbox-trigger\"\n\t\t\ttype=\"button\"\n\t\t\taria-haspopup=\"dialog\"\n\t\t\taria-label=\"Vergr\u00f6\u00dfern\"\n\t\t\tdata-wp-init=\"callbacks.initTriggerButton\"\n\t\t\tdata-wp-on--click=\"actions.showLightbox\"\n\t\t\tdata-wp-style--right=\"state.imageButtonRight\"\n\t\t\tdata-wp-style--top=\"state.imageButtonTop\"\n\t\t>\n\t\t\t<svg xmlns=\"http:\/\/www.w3.org\/2000\/svg\" width=\"12\" height=\"12\" fill=\"none\" viewBox=\"0 0 12 12\">\n\t\t\t\t<path fill=\"#fff\" d=\"M2 0a2 2 0 0 0-2 2v2h1.5V2a.5.5 0 0 1 .5-.5h2V0H2Zm2 10.5H2a.5.5 0 0 1-.5-.5V8H0v2a2 2 0 0 0 2 2h2v-1.5ZM8 12v-1.5h2a.5.5 0 0 0 .5-.5V8H12v2a2 2 0 0 1-2 2H8Zm2-12a2 2 0 0 1 2 2v2h-1.5V2a.5.5 0 0 0-.5-.5H8V0h2Z\" \/>\n\t\t\t<\/svg>\n\t\t<\/button><\/figure>\n\n\n\n<figure data-wp-context=\"{&quot;imageId&quot;:&quot;69e75c618a0bb&quot;}\" data-wp-interactive=\"core\/image\" data-wp-key=\"69e75c618a0bb\" class=\"wp-block-image size-large has-custom-border wp-lightbox-container\"><img loading=\"lazy\" decoding=\"async\" width=\"1024\" height=\"768\" data-wp-class--hide=\"state.isContentHidden\" data-wp-class--show=\"state.isContentVisible\" data-wp-init=\"callbacks.setButtonStyles\" data-wp-on--click=\"actions.showLightbox\" data-wp-on--load=\"callbacks.setButtonStyles\" data-wp-on-window--resize=\"callbacks.setButtonStyles\" data-id=\"79\" src=\"https:\/\/pilgerpause.com\/wp-content\/uploads\/2025\/03\/WhatsApp-Image-2024-08-02-at-17.20.03_b25439b4_2-1024x768.jpg\" alt=\"\" class=\"wp-image-79\" style=\"border-radius:1.5rem\" srcset=\"https:\/\/pilgerpause.com\/wp-content\/uploads\/2025\/03\/WhatsApp-Image-2024-08-02-at-17.20.03_b25439b4_2-1024x768.jpg 1024w, https:\/\/pilgerpause.com\/wp-content\/uploads\/2025\/03\/WhatsApp-Image-2024-08-02-at-17.20.03_b25439b4_2-300x225.jpg 300w, https:\/\/pilgerpause.com\/wp-content\/uploads\/2025\/03\/WhatsApp-Image-2024-08-02-at-17.20.03_b25439b4_2-768x576.jpg 768w, https:\/\/pilgerpause.com\/wp-content\/uploads\/2025\/03\/WhatsApp-Image-2024-08-02-at-17.20.03_b25439b4_2-1536x1152.jpg 1536w, https:\/\/pilgerpause.com\/wp-content\/uploads\/2025\/03\/WhatsApp-Image-2024-08-02-at-17.20.03_b25439b4_2-2048x1536.jpg 2048w\" sizes=\"auto, (max-width: 1024px) 100vw, 1024px\" \/><button\n\t\t\tclass=\"lightbox-trigger\"\n\t\t\ttype=\"button\"\n\t\t\taria-haspopup=\"dialog\"\n\t\t\taria-label=\"Vergr\u00f6\u00dfern\"\n\t\t\tdata-wp-init=\"callbacks.initTriggerButton\"\n\t\t\tdata-wp-on--click=\"actions.showLightbox\"\n\t\t\tdata-wp-style--right=\"state.imageButtonRight\"\n\t\t\tdata-wp-style--top=\"state.imageButtonTop\"\n\t\t>\n\t\t\t<svg xmlns=\"http:\/\/www.w3.org\/2000\/svg\" width=\"12\" height=\"12\" fill=\"none\" viewBox=\"0 0 12 12\">\n\t\t\t\t<path fill=\"#fff\" d=\"M2 0a2 2 0 0 0-2 2v2h1.5V2a.5.5 0 0 1 .5-.5h2V0H2Zm2 10.5H2a.5.5 0 0 1-.5-.5V8H0v2a2 2 0 0 0 2 2h2v-1.5ZM8 12v-1.5h2a.5.5 0 0 0 .5-.5V8H12v2a2 2 0 0 1-2 2H8Zm2-12a2 2 0 0 1 2 2v2h-1.5V2a.5.5 0 0 0-.5-.5H8V0h2Z\" \/>\n\t\t\t<\/svg>\n\t\t<\/button><\/figure>\n\n\n\n<figure data-wp-context=\"{&quot;imageId&quot;:&quot;69e75c618846b&quot;}\" data-wp-interactive=\"core\/image\" data-wp-key=\"69e75c618846b\" class=\"wp-block-image size-full has-custom-border wp-lightbox-container\"><img decoding=\"async\" data-wp-class--hide=\"state.isContentHidden\" data-wp-class--show=\"state.isContentVisible\" data-wp-init=\"callbacks.setButtonStyles\" data-wp-on--click=\"actions.showLightbox\" data-wp-on--load=\"callbacks.setButtonStyles\" data-wp-on-window--resize=\"callbacks.setButtonStyles\" data-id=\"77\" src=\"https:\/\/pilgerpause.com\/wp-content\/uploads\/2025\/03\/WhatsApp-Image-2024-08-02-at-17.08.41_e28e0307_2.jpg\" alt=\"\" class=\"wp-image-77\" style=\"border-radius:1.5rem\"\/><button\n\t\t\tclass=\"lightbox-trigger\"\n\t\t\ttype=\"button\"\n\t\t\taria-haspopup=\"dialog\"\n\t\t\taria-label=\"Vergr\u00f6\u00dfern\"\n\t\t\tdata-wp-init=\"callbacks.initTriggerButton\"\n\t\t\tdata-wp-on--click=\"actions.showLightbox\"\n\t\t\tdata-wp-style--right=\"state.imageButtonRight\"\n\t\t\tdata-wp-style--top=\"state.imageButtonTop\"\n\t\t>\n\t\t\t<svg xmlns=\"http:\/\/www.w3.org\/2000\/svg\" width=\"12\" height=\"12\" fill=\"none\" viewBox=\"0 0 12 12\">\n\t\t\t\t<path fill=\"#fff\" d=\"M2 0a2 2 0 0 0-2 2v2h1.5V2a.5.5 0 0 1 .5-.5h2V0H2Zm2 10.5H2a.5.5 0 0 1-.5-.5V8H0v2a2 2 0 0 0 2 2h2v-1.5ZM8 12v-1.5h2a.5.5 0 0 0 .5-.5V8H12v2a2 2 0 0 1-2 2H8Zm2-12a2 2 0 0 1 2 2v2h-1.5V2a.5.5 0 0 0-.5-.5H8V0h2Z\" \/>\n\t\t\t<\/svg>\n\t\t<\/button><\/figure>\n\n\n\n<figure data-wp-context=\"{&quot;imageId&quot;:&quot;69e75c6187a52&quot;}\" data-wp-interactive=\"core\/image\" data-wp-key=\"69e75c6187a52\" class=\"wp-block-image size-full has-custom-border wp-lightbox-container\"><img loading=\"lazy\" decoding=\"async\" width=\"720\" height=\"540\" data-wp-class--hide=\"state.isContentHidden\" data-wp-class--show=\"state.isContentVisible\" data-wp-init=\"callbacks.setButtonStyles\" data-wp-on--click=\"actions.showLightbox\" data-wp-on--load=\"callbacks.setButtonStyles\" data-wp-on-window--resize=\"callbacks.setButtonStyles\" data-id=\"94\" src=\"https:\/\/pilgerpause.com\/wp-content\/uploads\/2025\/03\/WhatsApp-Image-2024-06-16-at-08.38.57_d8356ad9-edited.jpg\" alt=\"\" class=\"wp-image-94\" style=\"border-radius:1.5rem\" srcset=\"https:\/\/pilgerpause.com\/wp-content\/uploads\/2025\/03\/WhatsApp-Image-2024-06-16-at-08.38.57_d8356ad9-edited.jpg 720w, https:\/\/pilgerpause.com\/wp-content\/uploads\/2025\/03\/WhatsApp-Image-2024-06-16-at-08.38.57_d8356ad9-edited-300x225.jpg 300w\" sizes=\"auto, (max-width: 720px) 100vw, 720px\" \/><button\n\t\t\tclass=\"lightbox-trigger\"\n\t\t\ttype=\"button\"\n\t\t\taria-haspopup=\"dialog\"\n\t\t\taria-label=\"Vergr\u00f6\u00dfern\"\n\t\t\tdata-wp-init=\"callbacks.initTriggerButton\"\n\t\t\tdata-wp-on--click=\"actions.showLightbox\"\n\t\t\tdata-wp-style--right=\"state.imageButtonRight\"\n\t\t\tdata-wp-style--top=\"state.imageButtonTop\"\n\t\t>\n\t\t\t<svg xmlns=\"http:\/\/www.w3.org\/2000\/svg\" width=\"12\" height=\"12\" fill=\"none\" viewBox=\"0 0 12 12\">\n\t\t\t\t<path fill=\"#fff\" d=\"M2 0a2 2 0 0 0-2 2v2h1.5V2a.5.5 0 0 1 .5-.5h2V0H2Zm2 10.5H2a.5.5 0 0 1-.5-.5V8H0v2a2 2 0 0 0 2 2h2v-1.5ZM8 12v-1.5h2a.5.5 0 0 0 .5-.5V8H12v2a2 2 0 0 1-2 2H8Zm2-12a2 2 0 0 1 2 2v2h-1.5V2a.5.5 0 0 0-.5-.5H8V0h2Z\" \/>\n\t\t\t<\/svg>\n\t\t<\/button><\/figure>\n<\/figure>\n\n\n\n<p><\/p>\n<\/div>\n","protected":false},"excerpt":{"rendered":"","protected":false},"author":1,"featured_media":0,"parent":0,"menu_order":0,"comment_status":"closed","ping_status":"closed","template":"no-title","meta":{"footnotes":""},"class_list":["post-26","page","type-page","status-publish","hentry"],"aioseo_notices":[],"_links":{"self":[{"href":"https:\/\/pilgerpause.com\/de\/wp-json\/wp\/v2\/pages\/26","targetHints":{"allow":["GET"]}}],"collection":[{"href":"https:\/\/pilgerpause.com\/de\/wp-json\/wp\/v2\/pages"}],"about":[{"href":"https:\/\/pilgerpause.com\/de\/wp-json\/wp\/v2\/types\/page"}],"author":[{"embeddable":true,"href":"https:\/\/pilgerpause.com\/de\/wp-json\/wp\/v2\/users\/1"}],"replies":[{"embeddable":true,"href":"https:\/\/pilgerpause.com\/de\/wp-json\/wp\/v2\/comments?post=26"}],"version-history":[{"count":23,"href":"https:\/\/pilgerpause.com\/de\/wp-json\/wp\/v2\/pages\/26\/revisions"}],"predecessor-version":[{"id":261,"href":"https:\/\/pilgerpause.com\/de\/wp-json\/wp\/v2\/pages\/26\/revisions\/261"}],"wp:attachment":[{"href":"https:\/\/pilgerpause.com\/de\/wp-json\/wp\/v2\/media?parent=26"}],"curies":[{"name":"wp","href":"https:\/\/api.w.org\/{rel}","templated":true}]}}