{"id":25,"date":"2025-03-08T14:19:02","date_gmt":"2025-03-08T14:19:02","guid":{"rendered":"https:\/\/pilgerpause.com\/dienstleistungen\/"},"modified":"2026-04-11T12:36:53","modified_gmt":"2026-04-11T12:36:53","slug":"services","status":"publish","type":"page","link":"https:\/\/pilgerpause.com\/de\/services\/","title":{"rendered":"Unsere Angebote und Preise"},"content":{"rendered":"\n<div class=\"wp-block-group alignfull has-tertiary-background-color has-background has-global-padding is-layout-constrained wp-container-core-group-is-layout-7276a2bb wp-block-group-is-layout-constrained\" id=\"about\" style=\"margin-top:0;margin-bottom:0;padding-top:var(--wp--preset--spacing--60);padding-right:var(--wp--preset--spacing--30);padding-bottom:var(--wp--preset--spacing--60);padding-left:var(--wp--preset--spacing--30)\">\n<div class=\"wp-block-columns alignwide is-layout-flex wp-container-core-columns-is-layout-47c06fe3 wp-block-columns-is-layout-flex\">\n<div class=\"wp-block-column is-layout-flow wp-container-core-column-is-layout-119bc444 wp-block-column-is-layout-flow\" style=\"flex-basis:60%\">\n<h2 class=\"wp-block-heading\">PilgerPause: Eure Oase auf dem Portugiesischen Weg<\/h2>\n\n\n\n<p class=\"has-medium-font-size\" style=\"margin-top:16px\">PilgerPause steht f\u00fcr Gastfreundschaft und Erholung, um Pilgern auf dem Jakobsweg ein Zuhause fern der Heimat zu bieten und sie auf ihrer Reise zu unterst\u00fctzen.<\/p>\n<\/div>\n<\/div>\n\n\n\n<div class=\"wp-block-cover alignwide\" style=\"border-radius:1.5rem;min-height:30vh;aspect-ratio:unset;\"><img loading=\"lazy\" decoding=\"async\" width=\"2560\" height=\"1440\" class=\"wp-block-cover__image-background wp-image-74\" alt=\"\" src=\"https:\/\/pilgerpause.com\/wp-content\/uploads\/2025\/03\/SING0090-scaled.jpg\" style=\"object-position:48% 30%\" data-object-fit=\"cover\" data-object-position=\"48% 30%\" srcset=\"https:\/\/pilgerpause.com\/wp-content\/uploads\/2025\/03\/SING0090-scaled.jpg 2560w, https:\/\/pilgerpause.com\/wp-content\/uploads\/2025\/03\/SING0090-300x169.jpg 300w, https:\/\/pilgerpause.com\/wp-content\/uploads\/2025\/03\/SING0090-1024x576.jpg 1024w, https:\/\/pilgerpause.com\/wp-content\/uploads\/2025\/03\/SING0090-768x432.jpg 768w, https:\/\/pilgerpause.com\/wp-content\/uploads\/2025\/03\/SING0090-1536x864.jpg 1536w, https:\/\/pilgerpause.com\/wp-content\/uploads\/2025\/03\/SING0090-2048x1152.jpg 2048w\" sizes=\"auto, (max-width: 2560px) 100vw, 2560px\" \/><span aria-hidden=\"true\" class=\"wp-block-cover__background has-background-background-color has-background-dim-10 has-background-dim\"><\/span><div class=\"wp-block-cover__inner-container is-layout-flow wp-block-cover-is-layout-flow\">\n<div style=\"height:100px\" aria-hidden=\"true\" class=\"wp-block-spacer\"><\/div>\n<\/div><\/div>\n<\/div>\n\n\n\n<div class=\"wp-block-group alignfull has-background-background-color has-background has-global-padding is-layout-constrained wp-container-core-group-is-layout-7276a2bb wp-block-group-is-layout-constrained\" id=\"services\" style=\"margin-top:0;margin-bottom:0;padding-top:var(--wp--preset--spacing--60);padding-right:var(--wp--preset--spacing--30);padding-bottom:var(--wp--preset--spacing--60);padding-left:var(--wp--preset--spacing--30)\">\n<div class=\"wp-block-columns alignwide is-layout-flex wp-container-core-columns-is-layout-5b525043 wp-block-columns-is-layout-flex\">\n<div class=\"wp-block-column is-layout-flow wp-block-column-is-layout-flow\">\n<div class=\"wp-block-group has-tertiary-background-color has-background has-global-padding is-layout-constrained wp-container-core-group-is-layout-13e450dc wp-block-group-is-layout-constrained\" style=\"border-radius:1.5rem;padding-top:2rem;padding-right:1.5rem;padding-bottom:2rem;padding-left:1.5rem\">\n<h3 class=\"wp-block-heading has-text-align-center\" style=\"font-size:clamp(18.959px, 1.185rem + ((1vw - 3.2px) * 1.15), 30px);line-height:1.5\">Gem\u00fctliche \u00dcbernachtung<\/h3>\n\n\n\n<p class=\"has-text-align-center has-small-font-size\" style=\"margin-top:8px;margin-bottom:var(--wp--preset--spacing--30)\">Wir bieten Euch eine entspannte Nacht in angenehmer Pilgeratmosph\u00e4re. Wir verf\u00fcgen \u00fcber zehn Einzelbetten sowie zwei Doppelbetten, alle mit Vorh\u00e4ngen, Baumwollbettw\u00e4sche und Kissen, sodass Sie trotz der Pilgerschlafsaal-Atmosph\u00e4re ruhig schlafen k\u00f6nnen. Leichte Decken sind vorhanden, eine dicke Bettdecke ist gegen einen geringen Aufpreis erh\u00e4ltlich.<\/p>\n\n\n\n<figure class=\"wp-block-image size-large has-custom-border ext-aspect-landscape\"><img loading=\"lazy\" decoding=\"async\" width=\"1024\" height=\"768\" src=\"https:\/\/pilgerpause.com\/wp-content\/uploads\/2025\/03\/WhatsApp-Image-2024-08-02-at-17.20.03_b25439b4_2-1024x768.jpg\" alt=\"\" class=\"wp-image-79\" style=\"border-radius:1.5rem;aspect-ratio:1;object-fit:cover\" srcset=\"https:\/\/pilgerpause.com\/wp-content\/uploads\/2025\/03\/WhatsApp-Image-2024-08-02-at-17.20.03_b25439b4_2-1024x768.jpg 1024w, https:\/\/pilgerpause.com\/wp-content\/uploads\/2025\/03\/WhatsApp-Image-2024-08-02-at-17.20.03_b25439b4_2-300x225.jpg 300w, https:\/\/pilgerpause.com\/wp-content\/uploads\/2025\/03\/WhatsApp-Image-2024-08-02-at-17.20.03_b25439b4_2-768x576.jpg 768w, https:\/\/pilgerpause.com\/wp-content\/uploads\/2025\/03\/WhatsApp-Image-2024-08-02-at-17.20.03_b25439b4_2-1536x1152.jpg 1536w, https:\/\/pilgerpause.com\/wp-content\/uploads\/2025\/03\/WhatsApp-Image-2024-08-02-at-17.20.03_b25439b4_2-2048x1536.jpg 2048w\" sizes=\"auto, (max-width: 1024px) 100vw, 1024px\" \/><\/figure>\n<\/div>\n<\/div>\n\n\n\n<div class=\"wp-block-column is-layout-flow wp-block-column-is-layout-flow\">\n<div class=\"wp-block-group has-tertiary-background-color has-background has-global-padding is-layout-constrained wp-container-core-group-is-layout-13e450dc wp-block-group-is-layout-constrained\" style=\"border-radius:1.5rem;padding-top:2rem;padding-right:1.5rem;padding-bottom:2rem;padding-left:1.5rem\">\n<h3 class=\"wp-block-heading has-text-align-center\" style=\"font-size:clamp(18.959px, 1.185rem + ((1vw - 3.2px) * 1.15), 30px);line-height:1.5\">Gemeinsames Abendessen<\/h3>\n\n\n\n<p class=\"has-text-align-center has-small-font-size\" style=\"margin-top:8px;margin-bottom:var(--wp--preset--spacing--30)\">F\u00fcr die, die daran teilnehmen m\u00f6chten, gibt es  ein k\u00f6stliches, frisch zubereitetes Abendessen mit Zutaten aus der Region. An Tagen, an denen bei uns gekocht wird, besteht das Men\u00fc in der Regel aus einem gro\u00dfen Salat, einem Hauptgericht und einem Dessert. Sollten Sie Vegetarier, Pescetarier oder Veganer sein oder unter Lebensmittelunvertr\u00e4glichkeiten leiden, ber\u00fccksichtigen wir das gerne, wenn Sie uns vor Ihrer Ankunft Bescheid geben. Desweiteren k\u00f6nnen Sie auch k\u00f6stliche portugiesische Gerichte im 1 km entfernten Restaurant bestellen oder die Bar nebenan besuchen. Am n\u00e4chsten Morgen steht ein reichhaltiges Fr\u00fchst\u00fccksbuffet f\u00fcr Sie bereit.<\/p>\n\n\n\n<figure class=\"wp-block-image size-large has-custom-border ext-aspect-landscape\"><img loading=\"lazy\" decoding=\"async\" width=\"1024\" height=\"768\" src=\"https:\/\/pilgerpause.com\/wp-content\/uploads\/2025\/03\/Essen-1024x768.jpg\" alt=\"\" class=\"wp-image-101\" style=\"border-radius:1.5rem;aspect-ratio:1;object-fit:cover\" srcset=\"https:\/\/pilgerpause.com\/wp-content\/uploads\/2025\/03\/Essen-1024x768.jpg 1024w, https:\/\/pilgerpause.com\/wp-content\/uploads\/2025\/03\/Essen-300x225.jpg 300w, https:\/\/pilgerpause.com\/wp-content\/uploads\/2025\/03\/Essen-768x576.jpg 768w, https:\/\/pilgerpause.com\/wp-content\/uploads\/2025\/03\/Essen-1536x1152.jpg 1536w, https:\/\/pilgerpause.com\/wp-content\/uploads\/2025\/03\/Essen-2048x1536.jpg 2048w\" sizes=\"auto, (max-width: 1024px) 100vw, 1024px\" \/><\/figure>\n<\/div>\n<\/div>\n\n\n\n<div class=\"wp-block-column is-layout-flow wp-block-column-is-layout-flow\">\n<div class=\"wp-block-group has-tertiary-background-color has-background has-global-padding is-layout-constrained wp-container-core-group-is-layout-13e450dc wp-block-group-is-layout-constrained\" style=\"border-radius:1.5rem;padding-top:2rem;padding-right:1.5rem;padding-bottom:2rem;padding-left:1.5rem\">\n<h3 class=\"wp-block-heading has-text-align-center\" style=\"font-size:clamp(18.959px, 1.185rem + ((1vw - 3.2px) * 1.15), 30px);line-height:1.5\">Fragen zum Weg?<\/h3>\n\n\n\n<p class=\"has-text-align-center has-small-font-size\" style=\"margin-top:8px;margin-bottom:var(--wp--preset--spacing--30)\">Bei Bedarf helfen wir Euch gerne bei der Planung Eures weiteren Weges und beantworten Eure Fragen so gut wir k\u00f6nnen.<\/p>\n\n\n\n<figure class=\"wp-block-image size-large has-custom-border ext-aspect-landscape\"><img loading=\"lazy\" decoding=\"async\" width=\"929\" height=\"1024\" src=\"https:\/\/pilgerpause.com\/wp-content\/uploads\/2025\/03\/steine_cropped-929x1024.jpg\" alt=\"\" class=\"wp-image-110\" style=\"border-radius:1.5rem;aspect-ratio:1;object-fit:cover\" srcset=\"https:\/\/pilgerpause.com\/wp-content\/uploads\/2025\/03\/steine_cropped-929x1024.jpg 929w, https:\/\/pilgerpause.com\/wp-content\/uploads\/2025\/03\/steine_cropped-272x300.jpg 272w, https:\/\/pilgerpause.com\/wp-content\/uploads\/2025\/03\/steine_cropped-768x846.jpg 768w, https:\/\/pilgerpause.com\/wp-content\/uploads\/2025\/03\/steine_cropped.jpg 1040w\" sizes=\"auto, (max-width: 929px) 100vw, 929px\" \/><\/figure>\n<\/div>\n<\/div>\n<\/div>\n\n\n\n<div class=\"wp-block-columns alignwide is-layout-flex wp-container-core-columns-is-layout-5b525043 wp-block-columns-is-layout-flex\">\n<div class=\"wp-block-column is-layout-flow wp-block-column-is-layout-flow\">\n<div class=\"wp-block-group has-tertiary-background-color has-background has-global-padding is-layout-constrained wp-container-core-group-is-layout-13e450dc wp-block-group-is-layout-constrained\" style=\"border-radius:1.5rem;padding-top:2rem;padding-right:1.5rem;padding-bottom:2rem;padding-left:1.5rem\">\n<h3 class=\"wp-block-heading has-text-align-center\" style=\"font-size:clamp(18.959px, 1.185rem + ((1vw - 3.2px) * 1.15), 30px);line-height:1.5\">Wellness-Massage<\/h3>\n\n\n\n<p class=\"has-text-align-center has-small-font-size\" style=\"margin-top:8px;margin-bottom:var(--wp--preset--spacing--30)\">Tun Ihnen die Schultern oder der R\u00fccken weh? Oder m\u00f6chten Sie einfach nur tief entspannen und es sich gut gehen lassen bevor es am n\u00e4chsten Tag mit frischer Energie weiter geht? Dann sprechen Sie uns gerne an oder machen Sie einen Termin mit Verena (Physiotherapeutin, lizensiert in Deutschland).<\/p>\n\n\n\n<p class=\"has-text-align-center has-small-font-size\" style=\"margin-top:8px;margin-bottom:var(--wp--preset--spacing--30)\">Dauer: ca. 30 Minuten                                       Preis: 30 &#8211; 40 \u20ac (nach Selbsteinsch\u00e4tzung)<\/p>\n<\/div>\n<\/div>\n\n\n\n<div class=\"wp-block-column is-layout-flow wp-block-column-is-layout-flow\">\n<div class=\"wp-block-group has-tertiary-background-color has-background has-global-padding is-layout-constrained wp-container-core-group-is-layout-13e450dc wp-block-group-is-layout-constrained\" style=\"border-radius:1.5rem;padding-top:2rem;padding-right:1.5rem;padding-bottom:2rem;padding-left:1.5rem\">\n<h3 class=\"wp-block-heading has-text-align-center\" style=\"font-size:clamp(18.959px, 1.185rem + ((1vw - 3.2px) * 1.15), 30px);line-height:1.5\">Pilgern mit Kindern<\/h3>\n\n\n\n<p class=\"has-text-align-center has-small-font-size\" style=\"margin-top:8px;margin-bottom:var(--wp--preset--spacing--30)\">Junge G\u00e4ste sind uns herzlich willkommen! Und damit es nicht zu langweilig wird findet Ihr bei uns Spiele f\u00fcr drinnen und drau\u00dfen, einige Kinderb\u00fccher und auch einen Spielplatz direkt gegen\u00fcber der Herberge.<\/p>\n\n\n\n<figure class=\"wp-block-image size-full has-custom-border ext-aspect-landscape\"><img loading=\"lazy\" decoding=\"async\" width=\"2560\" height=\"1920\" src=\"https:\/\/pilgerpause.com\/wp-content\/uploads\/2025\/03\/1-scaled.jpg\" alt=\"\" class=\"wp-image-122\" style=\"border-radius:1.5rem;aspect-ratio:1;object-fit:cover\" srcset=\"https:\/\/pilgerpause.com\/wp-content\/uploads\/2025\/03\/1-scaled.jpg 2560w, https:\/\/pilgerpause.com\/wp-content\/uploads\/2025\/03\/1-300x225.jpg 300w, https:\/\/pilgerpause.com\/wp-content\/uploads\/2025\/03\/1-1024x768.jpg 1024w, https:\/\/pilgerpause.com\/wp-content\/uploads\/2025\/03\/1-768x576.jpg 768w, https:\/\/pilgerpause.com\/wp-content\/uploads\/2025\/03\/1-1536x1152.jpg 1536w, https:\/\/pilgerpause.com\/wp-content\/uploads\/2025\/03\/1-2048x1536.jpg 2048w\" sizes=\"auto, (max-width: 2560px) 100vw, 2560px\" \/><\/figure>\n<\/div>\n<\/div>\n\n\n\n<div class=\"wp-block-column is-layout-flow wp-block-column-is-layout-flow\">\n<div class=\"wp-block-group has-tertiary-background-color has-background has-global-padding is-layout-constrained wp-container-core-group-is-layout-13e450dc wp-block-group-is-layout-constrained\" style=\"border-radius:1.5rem;padding-top:2rem;padding-right:1.5rem;padding-bottom:2rem;padding-left:1.5rem\">\n<h3 class=\"wp-block-heading has-text-align-center\" style=\"font-size:clamp(18.959px, 1.185rem + ((1vw - 3.2px) * 1.15), 30px);line-height:1.5\">Entspannung im Garten<\/h3>\n\n\n\n<p class=\"has-text-align-center has-small-font-size\" style=\"margin-top:8px;margin-bottom:var(--wp--preset--spacing--30)\">In unserem sch\u00f6nen, gro\u00dfen Garten warten H\u00e4ngematten, eine schattige Pergola und ein kleiner, k\u00fchler Pool auf Euch. Entspannung pur!<\/p>\n\n\n\n<figure class=\"wp-block-image size-full has-custom-border ext-aspect-landscape\"><img decoding=\"async\" src=\"https:\/\/pilgerpause.com\/wp-content\/uploads\/2025\/03\/6.jpg\" alt=\"\" class=\"wp-image-117\" style=\"border-radius:1.5rem;aspect-ratio:1;object-fit:cover\"\/><\/figure>\n<\/div>\n<\/div>\n<\/div>\n<\/div>\n\n\n\n<div class=\"wp-block-group alignfull has-tertiary-background-color has-background has-global-padding is-layout-constrained wp-container-core-group-is-layout-7276a2bb wp-block-group-is-layout-constrained\" id=\"about\" style=\"margin-top:0;margin-bottom:0;padding-top:var(--wp--preset--spacing--60);padding-right:var(--wp--preset--spacing--30);padding-bottom:var(--wp--preset--spacing--60);padding-left:var(--wp--preset--spacing--30)\">\n<div class=\"wp-block-columns alignwide is-layout-flex wp-container-core-columns-is-layout-47c06fe3 wp-block-columns-is-layout-flex\">\n<div class=\"wp-block-column is-layout-flow wp-container-core-column-is-layout-119bc444 wp-block-column-is-layout-flow\" style=\"flex-basis:60%\">\n<h4 class=\"wp-block-heading\">Service &#038; Preise f\u00fcr Euch im \u00dcberblick<\/h4>\n\n\n\n<p class=\"has-small-font-size\" style=\"margin-top:16px;line-height:1.6\">\u00dcbernachtung mit Fr\u00fchst\u00fcck: 22,- \u20ac \/ Person<br>F\u00fcr Familien: Kinder von 0 &#8211; 5 Jahren sind eingeladen, Kinder von 6 &#8211; 12 Jahren zahlen die H\u00e4lfte<br>Im Preis enthalten: Wifi, Handtuch, d\u00fcnne Decke, frisches Bettlaken und Kopfkissen, Shampoo.<br>Abendessen: donativo<br>Waschmaschine \/ Trockner: je 3,-\u20ac<br>Dicke Bettdecke: 2,-\u20ac<br>Massage, ca. 30 Minuten, 30 &#8211; 40 \u20ac (nach Selbsteinsch\u00e4tzung).<\/p>\n<\/div>\n\n\n\n<div class=\"wp-block-column is-vertically-aligned-top is-layout-flow wp-container-core-column-is-layout-f5bb311e wp-block-column-is-layout-flow\" style=\"flex-basis:50%\"><\/div>\n<\/div>\n<\/div>\n\n\n\n<p><\/p>\n","protected":false},"excerpt":{"rendered":"<p>PilgerPause: Eure Oase auf dem Portugiesischen Weg PilgerPause steht f\u00fcr Gastfreundschaft und Erholung, um Pilgern auf dem Jakobsweg ein Zuhause fern der Heimat zu bieten und sie auf ihrer Reise zu unterst\u00fctzen. Gem\u00fctliche \u00dcbernachtung Wir bieten Euch eine entspannte Nacht in angenehmer Pilgeratmosph\u00e4re. Wir verf\u00fcgen \u00fcber zehn Einzelbetten sowie zwei Doppelbetten, alle mit Vorh\u00e4ngen, Baumwollbettw\u00e4sche [&hellip;]<\/p>\n","protected":false},"author":1,"featured_media":0,"parent":0,"menu_order":0,"comment_status":"closed","ping_status":"closed","template":"no-title","meta":{"footnotes":""},"class_list":["post-25","page","type-page","status-publish","hentry"],"aioseo_notices":[],"_links":{"self":[{"href":"https:\/\/pilgerpause.com\/de\/wp-json\/wp\/v2\/pages\/25","targetHints":{"allow":["GET"]}}],"collection":[{"href":"https:\/\/pilgerpause.com\/de\/wp-json\/wp\/v2\/pages"}],"about":[{"href":"https:\/\/pilgerpause.com\/de\/wp-json\/wp\/v2\/types\/page"}],"author":[{"embeddable":true,"href":"https:\/\/pilgerpause.com\/de\/wp-json\/wp\/v2\/users\/1"}],"replies":[{"embeddable":true,"href":"https:\/\/pilgerpause.com\/de\/wp-json\/wp\/v2\/comments?post=25"}],"version-history":[{"count":68,"href":"https:\/\/pilgerpause.com\/de\/wp-json\/wp\/v2\/pages\/25\/revisions"}],"predecessor-version":[{"id":346,"href":"https:\/\/pilgerpause.com\/de\/wp-json\/wp\/v2\/pages\/25\/revisions\/346"}],"wp:attachment":[{"href":"https:\/\/pilgerpause.com\/de\/wp-json\/wp\/v2\/media?parent=25"}],"curies":[{"name":"wp","href":"https:\/\/api.w.org\/{rel}","templated":true}]}}