{"id":22,"date":"2025-03-08T14:19:01","date_gmt":"2025-03-08T14:19:01","guid":{"rendered":"https:\/\/pilgerpause.com\/kontakt\/"},"modified":"2026-03-23T14:13:13","modified_gmt":"2026-03-23T14:13:13","slug":"kontakt","status":"publish","type":"page","link":"https:\/\/pilgerpause.com\/de\/kontakt\/","title":{"rendered":"Kontakt &#038; \u00d6ffnungszeiten"},"content":{"rendered":"\n<div class=\"wp-block-group alignfull has-tertiary-background-color has-background has-global-padding is-layout-constrained wp-container-core-group-is-layout-7276a2bb wp-block-group-is-layout-constrained\" id=\"about\" style=\"margin-top:0;margin-bottom:0;padding-top:var(--wp--preset--spacing--60);padding-right:var(--wp--preset--spacing--30);padding-bottom:var(--wp--preset--spacing--60);padding-left:var(--wp--preset--spacing--30)\">\n<div class=\"wp-block-columns alignwide is-layout-flex wp-container-core-columns-is-layout-47c06fe3 wp-block-columns-is-layout-flex\">\n<div class=\"wp-block-column is-layout-flow wp-container-core-column-is-layout-119bc444 wp-block-column-is-layout-flow\" style=\"flex-basis:60%\">\n<p>Ansprechpartner: Verena Preiss<\/p>\n\n\n\n<p>Adresse: PilgerPause AL, Estr. de S. Miguel n\u00ba 1161, 4930-241 Fontoura (B\u00e1rrio), Portugal<\/p>\n\n\n\n<p>E-Mail: pilgerpause@yahoo.com <\/p>\n\n\n\n<p>WhatsApp: +491781848141<\/p>\n\n\n\n<p>Telefon: +491781848141 <\/p>\n\n\n\n<p>\u00d6ffnungszeiten: 13.30 bis 18.00 Uhr <\/p>\n\n\n\n<p>> Ob wir an Ihrem Wunschtag ge\u00f6ffnet haben entnehmen Sie bitte dem Kalender. Da sich die Kalenderdaten jedoch auch einmal kurzfristig \u00e4ndern k\u00f6nnen schicken Sie uns f\u00fcr verbindliche Anfragen bitte eine Nachricht.<\/p>\n\n\n\n<p>> Bei fr\u00fcherer oder sp\u00e4terer Anreise oder Vorraussendung des Rucksacks bitten wir um vorherige Benachrichtigung.<\/p>\n\n\n\n<iframe loading=\"lazy\" src=\"https:\/\/calendar.google.com\/calendar\/embed?src=e65a058575dbbeba0278519712fed4fd77abc2984b4a1f608841209322ff690b%40group.calendar.google.com&#038;ctz=Europe%2FAmsterdam\" style=\"border: 0\" width=\"800\" height=\"600\" frameborder=\"0\" scrolling=\"no\"><\/iframe>\n\n\n\n<iframe src=\"https:\/\/www.google.com\/maps\/embed?pb=!1m18!1m12!1m3!1d462.71750136284606!2d-8.632686409316515!3d41.95614034296162!2m3!1f0!2f0!3f0!3m2!1i1024!2i768!4f13.1!3m3!1m2!1s0xd2599e2681c03fd%3A0x305c095dc2d1bb0a!2sPilgerPause%20Albergue!5e1!3m2!1sen!2sde!4v1743175842430!5m2!1sen!2sde\" width=\"600\" height=\"450\" style=\"border:0;\" allowfullscreen=\"\" loading=\"lazy\" referrerpolicy=\"no-referrer-when-downgrade\"><\/iframe>\n<\/div>\n<\/div>\n<\/div>\n","protected":false},"excerpt":{"rendered":"<p>Ansprechpartner: Verena Preiss Adresse: PilgerPause AL, Estr. de S. Miguel n\u00ba 1161, 4930-241 Fontoura (B\u00e1rrio), Portugal E-Mail: pilgerpause@yahoo.com WhatsApp: +491781848141 Telefon: +491781848141 \u00d6ffnungszeiten: 13.30 bis 18.00 Uhr > Ob wir an Ihrem Wunschtag ge\u00f6ffnet haben entnehmen Sie bitte dem Kalender. Da sich die Kalenderdaten jedoch auch einmal kurzfristig \u00e4ndern k\u00f6nnen schicken Sie uns f\u00fcr verbindliche [&hellip;]<\/p>\n","protected":false},"author":1,"featured_media":0,"parent":0,"menu_order":0,"comment_status":"closed","ping_status":"closed","template":"no-title","meta":{"footnotes":""},"class_list":["post-22","page","type-page","status-publish","hentry"],"aioseo_notices":[],"_links":{"self":[{"href":"https:\/\/pilgerpause.com\/de\/wp-json\/wp\/v2\/pages\/22","targetHints":{"allow":["GET"]}}],"collection":[{"href":"https:\/\/pilgerpause.com\/de\/wp-json\/wp\/v2\/pages"}],"about":[{"href":"https:\/\/pilgerpause.com\/de\/wp-json\/wp\/v2\/types\/page"}],"author":[{"embeddable":true,"href":"https:\/\/pilgerpause.com\/de\/wp-json\/wp\/v2\/users\/1"}],"replies":[{"embeddable":true,"href":"https:\/\/pilgerpause.com\/de\/wp-json\/wp\/v2\/comments?post=22"}],"version-history":[{"count":43,"href":"https:\/\/pilgerpause.com\/de\/wp-json\/wp\/v2\/pages\/22\/revisions"}],"predecessor-version":[{"id":340,"href":"https:\/\/pilgerpause.com\/de\/wp-json\/wp\/v2\/pages\/22\/revisions\/340"}],"wp:attachment":[{"href":"https:\/\/pilgerpause.com\/de\/wp-json\/wp\/v2\/media?parent=22"}],"curies":[{"name":"wp","href":"https:\/\/api.w.org\/{rel}","templated":true}]}}